{"id":2221,"date":"2021-03-30T15:31:31","date_gmt":"2021-03-30T12:31:31","guid":{"rendered":"https:\/\/kodade.ee\/?page_id=2221"},"modified":"2024-03-29T17:47:55","modified_gmt":"2024-03-29T15:47:55","slug":"holidayhome","status":"publish","type":"page","link":"https:\/\/kodade.ee\/en\/holidayhome\/","title":{"rendered":"Holiday home"},"content":{"rendered":"<p>[vc_row gap=&#8221;35&#8243; css=&#8221;.vc_custom_1615798730301{margin-top: 50px !important;}&#8221;][vc_column width=&#8221;1\/2&#8243;]<div style=\"background-color:;height: 25px\" class=\"nicdark_section  \"><\/div> <p style=\"color:#878787;padding:px;text-align:center;font-size:14px;line-height:27px;letter-spacing: 2px;font-weight:lighter\" class=\"   nd_options_second_font \">HOME IN THE NATURE<\/p> <div style=\"background-color:;height: 20px\" class=\"nicdark_section  \"><\/div> <h1 style=\"color:#1c1c1d;padding:px;text-align:center;font-size:80px;line-height:80px;letter-spacing: px;font-weight:normal\" class=\"  nd_options_font_size_40_important_all_iphone nd_options_line_height_40_important_all_iphone nd_options_first_font \">Kodade Holiday Home<\/h1> [vc_column_text]<\/p>\n<ul>\n<li><span style=\"color: #000000;\">House is situated at the southern border of Matsalu national park, in a very rural area away from everything.\u00a0<\/span><\/li>\n<li>Up to 6 people can stay in house + 4 extra\u00a0 people. We have accommodated families, hikers and companies.<\/li>\n<li><span style=\"color: #000000;\">There is a sauna, an equipped kitchen, a small garden and a summer terrace.\u00a0<\/span><\/li>\n<\/ul>\n<p style=\"text-align: center;\"><span style=\"color: #000000;\"><strong>We are open from spring until late autumn!<\/strong><\/span><\/p>\n<p>[\/vc_column_text]<div style=\"background-color:;height: 25px\" class=\"nicdark_section  \"><\/div>[\/vc_column][vc_column width=&#8221;1\/2&#8243;]<div style=\"background-color:;height: 40px\" class=\"nicdark_section  \"><\/div>\n    <div style=\"text-align:\" class=\"nd_options_section\">\n      <img decoding=\"async\" alt=\"\" style=\"width:100%\" class=\" nd_options_margin_0 nd_options_padding_0 \" src=\"https:\/\/kodade.ee\/wp-content\/uploads\/2021\/03\/puhkemaja-valjast.jpeg\">\n    <\/div>\n   <div style=\"background-color:;height: 10px\" class=\"nicdark_section  \"><\/div>[\/vc_column][\/vc_row][vc_row full_width=&#8221;stretch_row&#8221; content_placement=&#8221;middle&#8221; parallax=&#8221;content-moving&#8221; css=&#8221;.vc_custom_1615727069577{margin-top: 60px !important;padding-top: 85px !important;padding-bottom: 85px !important;background-color: #e8e8e8 !important;}&#8221; el_class=&#8221;nd_options_vc_parallax_filter_1_3&#8243;][vc_column][vc_media_grid element_width=&#8221;2&#8243; grid_id=&#8221;vc_gid:1711727238337-b9046dae501159e5e3e949e13aa7d922-8&#8243; include=&#8221;1877,1876,1880,1881,1879,1874,1873,1871,1872,1870,1869,1878&#8243;][\/vc_column][\/vc_row][vc_row full_width=&#8221;stretch_row&#8221; css=&#8221;.vc_custom_1615726948462{margin-top: 70px !important;padding-bottom: 0px !important;}&#8221;][vc_column] <h6 style=\"color:#878787;padding:px;text-align:center;font-size:12px;line-height:12px;letter-spacing: 2px;font-weight:lighter\" class=\"   nd_options_second_font \">MILLEGA ARVESTADA?<\/h6> <div style=\"background-color:;height: 10px\" class=\"nicdark_section  \"><\/div>\n    <div class=\"nd_options_section nd_options_line_height_0  nd_options_text_align_center \">\n        <span style=\"height:1px;width:30px;background-color:#878787\" class=\"nd_options_display_inline_block\"><\/span>\n    <\/div>\n   <div style=\"background-color:;height: 30px\" class=\"nicdark_section  \"><\/div> <h1 style=\"color:#1c1c1c;padding:px;text-align:center;font-size:55px;line-height:px;letter-spacing: px;font-weight:normal\" class=\"  nd_options_font_size_40_important_all_iphone nd_options_line_height_40_important_all_iphone nd_options_first_font \">Renting the Holiday Home<\/h1> <div style=\"background-color:;height: 35px\" class=\"nicdark_section  \"><\/div>[vc_column_text]<\/p>\n<p style=\"text-align: center;\"><span style=\"color: #000000;\"><strong>Minimum rental time:<\/strong> 2 nights<\/span><\/p>\n<p style=\"text-align: center;\"><span style=\"color: #000000;\"><strong>6 people included in price<\/strong>, 4 extra places for extra fee<\/span><\/p>\n<p style=\"text-align: center;\"><span style=\"color: #000000;\"><strong>Included in the price:<\/strong> house, summer house and terrace, bed linen and towels, WiFi.\u00a0<\/span><\/p>\n<p style=\"text-align: center;\"><span style=\"color: #000000;\"><strong>One sauna time is included in the price.<\/strong> Any additional sauna evening is \u20ac20.<\/span><\/p>\n<p>[\/vc_column_text]<div style=\"background-color:;height: 35px\" class=\"nicdark_section  \"><\/div>[\/vc_column][\/vc_row][vc_row full_width=&#8221;stretch_row&#8221; css=&#8221;.vc_custom_1615726948462{margin-top: 70px !important;padding-bottom: 0px !important;}&#8221;][vc_column] <h6 style=\"color:#878787;padding:px;text-align:center;font-size:12px;line-height:12px;letter-spacing: 2px;font-weight:lighter\" class=\"   nd_options_second_font \">INTRODUCTION<\/h6> <div style=\"background-color:;height: 10px\" class=\"nicdark_section  \"><\/div>\n    <div class=\"nd_options_section nd_options_line_height_0  nd_options_text_align_center \">\n        <span style=\"height:1px;width:30px;background-color:#878787\" class=\"nd_options_display_inline_block\"><\/span>\n    <\/div>\n   <div style=\"background-color:;height: 30px\" class=\"nicdark_section  \"><\/div> <h1 style=\"color:#1c1c1c;padding:px;text-align:center;font-size:55px;line-height:px;letter-spacing: px;font-weight:normal\" class=\"  nd_options_font_size_40_important_all_iphone nd_options_line_height_40_important_all_iphone nd_options_first_font \">What is at the holiday home?<\/h1> <div style=\"background-color:;height: 35px\" class=\"nicdark_section  \"><\/div>[\/vc_column][\/vc_row][vc_row css=&#8221;.vc_custom_1504192216891{margin-top: 20px !important;}&#8221;][vc_column width=&#8221;1\/3&#8243;]<div style=\"background-color:;height: 10px\" class=\"nicdark_section  \"><\/div>\n\n    <div class=\"nd_options_section nd_options_position_relative \">\n\n        \n\n        <div style=\"padding-left:70px\" class=\"nd_options_section nd_options_box_sizing_border_box\">\n            \n            <h3 class=\"nd_options_first_font  \" style=\"margin:;color:#1c1c1c;font-size:25px;line-height:25px\">Kitchen-dining room<\/h3> \n            <p class=\"nd_options_second_font  \" style=\"margin:20px 0px;color:#878787;font-size:14px;line-height:24px\">An open kitchen with dining table. Fully equipped.<\/p> \n            \n\n        <\/div>\n\n    <\/div>\n\n  <div style=\"background-color:;height: 10px\" class=\"nicdark_section  \"><\/div>[\/vc_column][vc_column width=&#8221;1\/3&#8243;]<div style=\"background-color:;height: 10px\" class=\"nicdark_section  \"><\/div>\n\n    <div class=\"nd_options_section nd_options_position_relative \">\n\n        \n\n        <div style=\"padding-left:70px\" class=\"nd_options_section nd_options_box_sizing_border_box\">\n            \n            <h3 class=\"nd_options_first_font  \" style=\"margin:;color:#1c1c1c;font-size:25px;line-height:25px\">Sauna and shower<\/h3> \n            <p class=\"nd_options_second_font  \" style=\"margin:20px 0px;color:#878787;font-size:14px;line-height:24px\">A wood-heated sauna is part of every good vacation<\/p> \n            \n\n        <\/div>\n\n    <\/div>\n\n  <div style=\"background-color:;height: 10px\" class=\"nicdark_section  \"><\/div>[\/vc_column][vc_column width=&#8221;1\/3&#8243;]<div style=\"background-color:;height: 10px\" class=\"nicdark_section  \"><\/div>\n\n    <div class=\"nd_options_section nd_options_position_relative \">\n\n        \n\n        <div style=\"padding-left:70px\" class=\"nd_options_section nd_options_box_sizing_border_box\">\n            \n            <h3 class=\"nd_options_first_font  \" style=\"margin:;color:#1c1c1c;font-size:25px;line-height:25px\">Fireplace room<\/h3> \n            <p class=\"nd_options_second_font  \" style=\"margin:20px 0px;color:#878787;font-size:14px;line-height:24px\">First floor living room features a fireplace and many spots for being lazy<\/p> \n            \n\n        <\/div>\n\n    <\/div>\n\n  <div style=\"background-color:;height: 10px\" class=\"nicdark_section  \"><\/div>[\/vc_column][\/vc_row][vc_row css=&#8221;.vc_custom_1485535152075{margin-top: 50px !important;}&#8221;][vc_column width=&#8221;1\/3&#8243;]<div style=\"background-color:;height: 10px\" class=\"nicdark_section  \"><\/div>\n\n    <div class=\"nd_options_section nd_options_position_relative \">\n\n        \n\n        <div style=\"padding-left:70px\" class=\"nd_options_section nd_options_box_sizing_border_box\">\n            \n            <h3 class=\"nd_options_first_font  \" style=\"margin:;color:#1c1c1c;font-size:25px;line-height:25px\">Living room with TV<\/h3> \n            <p class=\"nd_options_second_font  \" style=\"margin:20px 0px;color:#878787;font-size:14px;line-height:24px\">Upstairs living room has a comfortable couch, a desk and a TV<\/p> \n            \n\n        <\/div>\n\n    <\/div>\n\n  <div style=\"background-color:;height: 10px\" class=\"nicdark_section  \"><\/div>[\/vc_column][vc_column width=&#8221;1\/3&#8243;]<div style=\"background-color:;height: 10px\" class=\"nicdark_section  \"><\/div>\n\n    <div class=\"nd_options_section nd_options_position_relative \">\n\n        \n\n        <div style=\"padding-left:70px\" class=\"nd_options_section nd_options_box_sizing_border_box\">\n            \n            <h3 class=\"nd_options_first_font  \" style=\"margin:;color:#1c1c1c;font-size:25px;line-height:25px\">Two bedrooms<\/h3> \n            <p class=\"nd_options_second_font  \" style=\"margin:20px 0px;color:#878787;font-size:14px;line-height:24px\">Comfortable bedrooms have a desk and a twin beds. One has a double bed under the ceiling.<\/p> \n            \n\n        <\/div>\n\n    <\/div>\n\n  <div style=\"background-color:;height: 10px\" class=\"nicdark_section  \"><\/div>[\/vc_column][vc_column width=&#8221;1\/3&#8243;]<div style=\"background-color:;height: 10px\" class=\"nicdark_section  \"><\/div>\n\n    <div class=\"nd_options_section nd_options_position_relative \">\n\n        \n\n        <div style=\"padding-left:70px\" class=\"nd_options_section nd_options_box_sizing_border_box\">\n            \n            <h3 class=\"nd_options_first_font  \" style=\"margin:;color:#1c1c1c;font-size:25px;line-height:25px\">3 under-the-ceiling beds<\/h3> \n            <p class=\"nd_options_second_font  \" style=\"margin:20px 0px;color:#878787;font-size:14px;line-height:24px\">These double beds hidden under the ceiling are fun for kids or getting some private time.<\/p> \n            \n\n        <\/div>\n\n    <\/div>\n\n  <div style=\"background-color:;height: 10px\" class=\"nicdark_section  \"><\/div>[\/vc_column][\/vc_row][vc_row css=&#8221;.vc_custom_1485535152075{margin-top: 50px !important;}&#8221;][vc_column width=&#8221;1\/3&#8243;]<div style=\"background-color:;height: 10px\" class=\"nicdark_section  \"><\/div>\n\n    <div class=\"nd_options_section nd_options_position_relative \">\n\n        \n\n        <div style=\"padding-left:70px\" class=\"nd_options_section nd_options_box_sizing_border_box\">\n            \n            <h3 class=\"nd_options_first_font  \" style=\"margin:;color:#1c1c1c;font-size:25px;line-height:25px\">WC<\/h3> \n            <p class=\"nd_options_second_font  \" style=\"margin:20px 0px;color:#878787;font-size:14px;line-height:24px\">There is a WC on both floors<\/p> \n            \n\n        <\/div>\n\n    <\/div>\n\n  <div style=\"background-color:;height: 10px\" class=\"nicdark_section  \"><\/div>[\/vc_column][vc_column width=&#8221;1\/3&#8243;]<div style=\"background-color:;height: 10px\" class=\"nicdark_section  \"><\/div>\n\n    <div class=\"nd_options_section nd_options_position_relative \">\n\n        \n\n        <div style=\"padding-left:70px\" class=\"nd_options_section nd_options_box_sizing_border_box\">\n            \n            <h3 class=\"nd_options_first_font  \" style=\"margin:;color:#1c1c1c;font-size:25px;line-height:25px\">Terrace<\/h3> \n            <p class=\"nd_options_second_font  \" style=\"margin:20px 0px;color:#878787;font-size:14px;line-height:24px\">Perfect spot for reading or early-morning birdsong check<\/p> \n            \n\n        <\/div>\n\n    <\/div>\n\n  <div style=\"background-color:;height: 10px\" class=\"nicdark_section  \"><\/div>[\/vc_column][vc_column width=&#8221;1\/3&#8243;]<div style=\"background-color:;height: 10px\" class=\"nicdark_section  \"><\/div>\n\n    <div class=\"nd_options_section nd_options_position_relative \">\n\n        \n\n        <div style=\"padding-left:70px\" class=\"nd_options_section nd_options_box_sizing_border_box\">\n            \n            <h3 class=\"nd_options_first_font  \" style=\"margin:;color:#1c1c1c;font-size:25px;line-height:25px\">Summer terrace and summer room<\/h3> \n            <p class=\"nd_options_second_font  \" style=\"margin:20px 0px;color:#878787;font-size:14px;line-height:24px\">Terrace features a fireplace and a table for outdoor eating. Summer room provides a separate place for sleeping when it is warmer.<\/p> \n            \n\n        <\/div>\n\n    <\/div>\n\n  <div style=\"background-color:;height: 10px\" class=\"nicdark_section  \"><\/div>[\/vc_column][\/vc_row][vc_row][vc_column]<div style=\"background-color:;height: 50px\" class=\"nicdark_section  \"><\/div>[\/vc_column][\/vc_row][vc_row full_width=&#8221;stretch_row&#8221; parallax=&#8221;content-moving&#8221; parallax_image=&#8221;1473&#8243; disable_element=&#8221;yes&#8221; css=&#8221;.vc_custom_1615491431592{margin-top: 60px !important;padding-top: 100px !important;padding-bottom: 100px !important;}&#8221; el_class=&#8221;nd_options_vc_parallax_filter_2_2&#8243;][vc_column width=&#8221;8\/12&#8243;]\n\n\n    <div class=\"nd_options_section nd_options_position_relative \">\n        <img decoding=\"async\" alt=\"\" class=\"nd_options_position_absolute nd_options_left_0\" width=\"55\" src=\"\">\n        <div class=\"nd_options_section nd_options_padding_left_80 nd_options_box_sizing_border_box\">\n            <h1 class=\"nd_options_font_size_40 nd_options_line_height_50\" style=\"color:#ffffff\"><strong>Siia v\u00f5iks n\u00e4iteks m\u00f5ned numbrid panna maja kohta.<\/strong><\/h1>\n        <\/div>\n    <\/div>\n\n\n  <div style=\"background-color:;height: 70px\" class=\"nicdark_section  \"><\/div>[vc_row_inner][vc_column_inner width=&#8221;1\/4&#8243; css=&#8221;.vc_custom_1469630269458{padding-top: 10px !important;padding-bottom: 10px !important;}&#8221;]<h1 style=\"text-align:center;color:#ffffff;font-size:50px\" class=\" nd_options_counter_component_l1 nd_options_font_weight_bolder nd_options_counter  \" data-to=\"1,5\" data-speed=\"1000\">1,5<\/h1><div style=\"background-color:;height: 20px\" class=\"nicdark_section  \"><\/div> <p style=\"color:#ffffff;padding:px;text-align:center;font-size:15px;line-height:30px;letter-spacing: 2px;font-weight:lighter\" class=\"   nd_options_second_font \">TUNDI TALLINNAST<\/p> [\/vc_column_inner][vc_column_inner width=&#8221;1\/4&#8243; css=&#8221;.vc_custom_1469630276028{padding-top: 10px !important;padding-bottom: 10px !important;}&#8221;]<h1 style=\"text-align:center;color:#ffffff;font-size:50px\" class=\" nd_options_counter_component_l1 nd_options_font_weight_bolder nd_options_counter  \" data-to=\"100\" data-speed=\"1000\">100<\/h1><div style=\"background-color:;height: 20px\" class=\"nicdark_section  \"><\/div> <p style=\"color:#ffffff;padding:px;text-align:center;font-size:15px;line-height:30px;letter-spacing: 2px;font-weight:lighter\" class=\"   nd_options_second_font \">MINGI TEKST<\/p> [\/vc_column_inner][vc_column_inner width=&#8221;1\/4&#8243; css=&#8221;.vc_custom_1469630283566{padding-top: 10px !important;padding-bottom: 10px !important;}&#8221;]<h1 style=\"text-align:center;color:#ffffff;font-size:50px\" class=\" nd_options_counter_component_l1 nd_options_font_weight_bolder nd_options_counter  \" data-to=\"47\" data-speed=\"1000\">47<\/h1><div style=\"background-color:;height: 20px\" class=\"nicdark_section  \"><\/div> <p style=\"color:#ffffff;padding:px;text-align:center;font-size:15px;line-height:30px;letter-spacing: 2px;font-weight:lighter\" class=\"   nd_options_second_font \">MINGI TEKST<\/p> [\/vc_column_inner][vc_column_inner width=&#8221;1\/4&#8243; css=&#8221;.vc_custom_1469630289168{padding-top: 10px !important;padding-bottom: 10px !important;}&#8221;]<h1 style=\"text-align:center;color:#ffffff;font-size:50px\" class=\" nd_options_counter_component_l1 nd_options_font_weight_bolder nd_options_counter  \" data-to=\"10\" data-speed=\"1000\">10<\/h1><div style=\"background-color:;height: 20px\" class=\"nicdark_section  \"><\/div> <p style=\"color:#ffffff;padding:px;text-align:center;font-size:15px;line-height:30px;letter-spacing: 2px;font-weight:lighter\" class=\"   nd_options_second_font \">MINGI TEKST<\/p> [\/vc_column_inner][\/vc_row_inner][\/vc_column][vc_column width=&#8221;4\/12&#8243;][\/vc_column][\/vc_row]<\/p>\n","protected":false},"excerpt":{"rendered":"<p>[vc_row gap=&#8221;35&#8243; css=&#8221;.vc_custom_1615798730301{margin-top: 50px !important;}&#8221;][vc_column width=&#8221;1\/2&#8243;][vc_column_text] House is situated at the southern border of Matsalu national park, in a very rural area away from everything.\u00a0 Up to 6 people can stay in house + 4 extra\u00a0 people. We have accommodated families, hikers and companies. There is a sauna, an equipped kitchen, a small garden and [&hellip;]<\/p>\n","protected":false},"author":8,"featured_media":0,"parent":0,"menu_order":0,"comment_status":"closed","ping_status":"closed","template":"","meta":{"footnotes":""},"class_list":["post-2221","page","type-page","status-publish","hentry"],"yoast_head":"<!-- This site is optimized with the Yoast SEO plugin v16.0.2 - https:\/\/yoast.com\/wordpress\/plugins\/seo\/ -->\n<title>Holiday home - Kodade<\/title>\n<link rel=\"canonical\" href=\"https:\/\/kodade.ee\/en\/holidayhome\/\" \/>\n<meta property=\"og:locale\" content=\"en_US\" \/>\n<meta property=\"og:type\" content=\"article\" \/>\n<meta property=\"og:title\" content=\"Holiday home - Kodade\" \/>\n<meta property=\"og:description\" content=\"[vc_row gap=&#8221;35&#8243; css=&#8221;.vc_custom_1615798730301{margin-top: 50px !important;}&#8221;][vc_column width=&#8221;1\/2&#8243;][vc_column_text] House is situated at the southern border of Matsalu national park, in a very rural area away from everything.\u00a0 Up to 6 people can stay in house + 4 extra\u00a0 people. We have accommodated families, hikers and companies. There is a sauna, an equipped kitchen, a small garden and [&hellip;]\" \/>\n<meta property=\"og:url\" content=\"https:\/\/kodade.ee\/en\/holidayhome\/\" \/>\n<meta property=\"og:site_name\" content=\"Kodade\" \/>\n<meta property=\"article:modified_time\" content=\"2024-03-29T15:47:55+00:00\" \/>\n<meta name=\"twitter:card\" content=\"summary_large_image\" \/>\n<meta name=\"twitter:label1\" content=\"Est. reading time\">\n\t<meta name=\"twitter:data1\" content=\"13 minutes\">\n<script type=\"application\/ld+json\" class=\"yoast-schema-graph\">{\"@context\":\"https:\/\/schema.org\",\"@graph\":[{\"@type\":\"WebSite\",\"@id\":\"https:\/\/kodade.ee\/en\/#website\",\"url\":\"https:\/\/kodade.ee\/en\/\",\"name\":\"Kodade\",\"description\":\"Loomise ja looduse koht Matsalu l\\u00f5unaserval\",\"potentialAction\":[{\"@type\":\"SearchAction\",\"target\":\"https:\/\/kodade.ee\/en\/?s={search_term_string}\",\"query-input\":\"required name=search_term_string\"}],\"inLanguage\":\"en-US\"},{\"@type\":\"WebPage\",\"@id\":\"https:\/\/kodade.ee\/en\/holidayhome\/#webpage\",\"url\":\"https:\/\/kodade.ee\/en\/holidayhome\/\",\"name\":\"Holiday home - Kodade\",\"isPartOf\":{\"@id\":\"https:\/\/kodade.ee\/en\/#website\"},\"datePublished\":\"2021-03-30T12:31:31+00:00\",\"dateModified\":\"2024-03-29T15:47:55+00:00\",\"breadcrumb\":{\"@id\":\"https:\/\/kodade.ee\/en\/holidayhome\/#breadcrumb\"},\"inLanguage\":\"en-US\",\"potentialAction\":[{\"@type\":\"ReadAction\",\"target\":[\"https:\/\/kodade.ee\/en\/holidayhome\/\"]}]},{\"@type\":\"BreadcrumbList\",\"@id\":\"https:\/\/kodade.ee\/en\/holidayhome\/#breadcrumb\",\"itemListElement\":[{\"@type\":\"ListItem\",\"position\":1,\"item\":{\"@type\":\"WebPage\",\"@id\":\"https:\/\/kodade.ee\/en\/\",\"url\":\"https:\/\/kodade.ee\/en\/\",\"name\":\"Home\"}},{\"@type\":\"ListItem\",\"position\":2,\"item\":{\"@type\":\"WebPage\",\"@id\":\"https:\/\/kodade.ee\/en\/holidayhome\/\",\"url\":\"https:\/\/kodade.ee\/en\/holidayhome\/\",\"name\":\"Holiday home\"}}]}]}<\/script>\n<!-- \/ Yoast SEO plugin. -->","_links":{"self":[{"href":"https:\/\/kodade.ee\/en\/wp-json\/wp\/v2\/pages\/2221","targetHints":{"allow":["GET"]}}],"collection":[{"href":"https:\/\/kodade.ee\/en\/wp-json\/wp\/v2\/pages"}],"about":[{"href":"https:\/\/kodade.ee\/en\/wp-json\/wp\/v2\/types\/page"}],"author":[{"embeddable":true,"href":"https:\/\/kodade.ee\/en\/wp-json\/wp\/v2\/users\/8"}],"replies":[{"embeddable":true,"href":"https:\/\/kodade.ee\/en\/wp-json\/wp\/v2\/comments?post=2221"}],"version-history":[{"count":5,"href":"https:\/\/kodade.ee\/en\/wp-json\/wp\/v2\/pages\/2221\/revisions"}],"predecessor-version":[{"id":2518,"href":"https:\/\/kodade.ee\/en\/wp-json\/wp\/v2\/pages\/2221\/revisions\/2518"}],"wp:attachment":[{"href":"https:\/\/kodade.ee\/en\/wp-json\/wp\/v2\/media?parent=2221"}],"curies":[{"name":"wp","href":"https:\/\/api.w.org\/{rel}","templated":true}]}}