{"id":2201,"date":"2021-03-28T22:23:55","date_gmt":"2021-03-28T19:23:55","guid":{"rendered":"https:\/\/kodade.ee\/?page_id=2201"},"modified":"2021-03-28T22:25:36","modified_gmt":"2021-03-28T19:25:36","slug":"contact","status":"publish","type":"page","link":"https:\/\/kodade.ee\/en\/contact\/","title":{"rendered":"Contact"},"content":{"rendered":"<p>[vc_row][vc_column width=&#8221;1\/2&#8243; css=&#8221;.vc_custom_1467360650255{margin-top: 10px !important;margin-bottom: 10px !important;padding-top: 0px !important;padding-right: 40px !important;}&#8221;]<div style=\"background-color:;height: 20px\" class=\"nicdark_section  \"><\/div>[vc_single_image image=&#8221;1751&#8243; img_size=&#8221;full&#8221; style=&#8221;vc_box_rounded&#8221;][\/vc_column][vc_column width=&#8221;1\/2&#8243; css=&#8221;.vc_custom_1467207292391{margin-top: 10px !important;margin-bottom: 10px !important;padding-top: 0px !important;}&#8221;]<div style=\"background-color:;height: 20px\" class=\"nicdark_section  \"><\/div>[vc_column_text]<\/p>\n<h2>General information and bookings:<\/h2>\n<p>&nbsp;<\/p>\n<p><strong>E-mail:<\/strong> <a href=\"mailto:info@kodade.ee\">info@kodade.ee<\/a><br \/>\n<strong>Tel:<\/strong> <a href=\"tel:+3725011890\">+372 501 1890<\/a><\/p>\n<p>We are open for pre-bookings only.<\/p>\n<p>&nbsp;<\/p>\n<p>Matsalu Creative Space is situated in Salevere village, L\u00e4\u00e4neranna county (P\u00e4rnumaa), Estonia. Kodade Holiday Home is 1,5 km from Matsalu Creative Space in K\u00f5era village. We are situated at the Southern border of the Matsalu National Park. We are 120km (1,5 h drive) from Tallinn. P\u00e4rnu and Haapsalu are both a 1-hour drive away (80km). It is easy to go to Saaremaa and Hiiumaa from our place, just make sure to get the ferry tickets on time!<\/p>\n<p>[\/vc_column_text]<div style=\"background-color:;height: 40px\" class=\"nicdark_section  \"><\/div>[vc_column_text]<\/p>\n<h2>Directions<\/h2>\n<p>[\/vc_column_text]<div style=\"background-color:;height: 20px\" class=\"nicdark_section  \"><\/div>[vc_row_inner][vc_column_inner width=&#8221;1\/4&#8243;]\n\t\n\t<a style=\"border: 4px solid #4c718a;border-radius:px;letter-spacing:px;line-height:14px;font-size:14px;background-color:#ffffff;padding:20px;margin:;color:#0a0a0a\" rel=\"\" href=\"https:\/\/www.google.com\/maps\/dir\/\/Kodade+Holiday+Home,+K%C3%B5era+k%C3%BCla,+Kalme+talu,+Kukeranna,+90110\/@58.692558,23.4929357,12z\/data=!4m8!4m7!1m0!1m5!1m1!1s0x46ed669e06d12aab:0x785e6823361442b7!2m2!1d23.562975!2d58.692577?hl=et\" class=\"nicdark_display_inline_block nd_options_float_left nd_options_font_weight_normal nd_options_second_font  \">Holiday Home<\/a>\n\t\n[\/vc_column_inner][vc_column_inner width=&#8221;1\/4&#8243;]\n\t\n\t<a style=\"border: 4px solid #4c718a;border-radius:px;letter-spacing:px;line-height:14px;font-size:14px;background-color:#ffffff;padding:20px;margin:;color:#0a0a0a\" rel=\"\" href=\"https:\/\/www.google.com\/maps\/dir\/\/Salevere+Salum%C3%A4E+Loovkoda,+Salevere,+90116+L%C3%A4%C3%A4ne+maakond\/@58.6896497,23.5810645,17z\/data=!4m9!4m8!1m0!1m5!1m1!1s0x46ed6681f367d057:0xe41ae3146a03cc37!2m2!1d23.5831452!2d58.6896348!3e0\" class=\"nicdark_display_inline_block nd_options_float_left nd_options_font_weight_normal nd_options_second_font  \">Creative Space<\/a>\n\t\n[\/vc_column_inner][vc_column_inner width=&#8221;1\/4&#8243;][\/vc_column_inner][vc_column_inner width=&#8221;1\/4&#8243;][\/vc_column_inner][\/vc_row_inner]<div style=\"background-color:;height: 40px\" class=\"nicdark_section  \"><\/div>[\/vc_column][\/vc_row][vc_row][vc_column]<div style=\"background-color:;height: 10px\" class=\"nicdark_section  \"><\/div>[\/vc_column][\/vc_row][vc_row disable_element=&#8221;yes&#8221;][vc_column width=&#8221;1\/2&#8243;] <h2 style=\"color:#1c1c1c;padding:px;text-align:right;font-size:30px;line-height:50px;letter-spacing: px;font-weight:bold\" class=\"  nd_options_text_align_center_responsive_important nd_options_first_font \">We are located at the southern border of Matsalu national park (Estonia). It takes 1,5 hours from Tallinn and an hour from P\u00e4rnu and Haapsalu. <\/h2> [\/vc_column][vc_column width=&#8221;1\/2&#8243;][vc_raw_html]JTNDaWZyYW1lJTIwc3JjJTNEJTIyaHR0cHMlM0ElMkYlMkZ3d3cuZ29vZ2xlLmNvbSUyRm1hcHMlMkZlbWJlZCUzRnBiJTNEJTIxMW0xOCUyMTFtMTIlMjExbTMlMjExZDIyMjk5OC41Mzc1MDI0Mjk4JTIxMmQyMy40ODY0NzQyOTc1MjM2MjUlMjEzZDU4LjcxNjQ0NjkxMzk0MjgyJTIxMm0zJTIxMWYwJTIxMmYwJTIxM2YwJTIxM20yJTIxMWkxMDI0JTIxMmk3NjglMjE0ZjEzLjElMjEzbTMlMjExbTIlMjExczB4NDZlZDY2ODFmMzY3ZDA1NyUyNTNBMHhlNDFhZTMxNDZhMDNjYzM3JTIxMnNTYWxldmVyZSUyNTIwU2FsdW0lMjVDMyUyNUE0RSUyNTIwTG9vdmtvZGElMjE1ZTAlMjEzbTIlMjExc2V0JTIxMnNlZSUyMTR2MTYxNDQzODg2MjEyMiUyMTVtMiUyMTFzZXQlMjEyc2VlJTIyJTIwd2lkdGglM0QlMjI1MDAlMjIlMjBoZWlnaHQlM0QlMjIzMDAlMjIlMjBzdHlsZSUzRCUyMmJvcmRlciUzQTAlM0IlMjIlMjBhbGxvd2Z1bGxzY3JlZW4lM0QlMjIlMjIlMjBsb2FkaW5nJTNEJTIybGF6eSUyMiUzRSUzQyUyRmlmcmFtZSUzRQ==[\/vc_raw_html][\/vc_column][\/vc_row][vc_row][vc_column]<div style=\"background-color:;height: 60px\" class=\"nicdark_section  \"><\/div>[\/vc_column][\/vc_row][vc_row disable_element=&#8221;yes&#8221; css=&#8221;.vc_custom_1615552124280{margin-top: 30px !important;}&#8221;][vc_column width=&#8221;1\/3&#8243;]<div style=\"background-color:;height: 10px\" class=\"nicdark_section  \"><\/div>\n\n  <!--START team-->\n  <div class=\" nd_options_team_component_l5 nd_options_section nd_options_box_sizing_border_box  \">    \n    <div class=\"nd_options_section nd_options_position_relative\">\n\n      <img decoding=\"async\" alt=\"\" class=\"nd_options_section\" src=\"https:\/\/kodade.ee\/wp-content\/uploads\/2021\/02\/kairi-kodade.jpg\">\n\n      <div class=\"nd_options_bg_greydark_alpha_gradient_3 nd_options_position_absolute nd_options_left_0 nd_options_height_100_percentage nd_options_width_100_percentage nd_options_box_sizing_border_box\">\n        <div class=\"nd_options_position_absolute nd_options_bottom_30 nd_options_width_100_percentage nd_options_padding_botttom_0 nd_options_padding_50 nd_options_box_sizing_border_box nd_options_text_align_center\">\n          <h3 class=\"nd_options_color_white\">KAIRI<\/h3>\n          <div class=\"nd_options_section nd_options_height_10\"><\/div>\n          <h6 class=\"nd_options_color_white\"><strong>PROJEKTIJUHT<\/strong><\/h6>\n        <\/div>\n      <\/div>\n\n    <\/div>\n  <\/div>\n  <!--END team-->\n<div style=\"background-color:;height: 10px\" class=\"nicdark_section  \"><\/div>[vc_column_text]Salevere Salum\u00e4e Loovkoja ideed veab Kairi, kellel on varasemalt pikaajaline personalijuhtimise kogemus avalikus sektoris. Kairi on v\u00f5tnud Salum\u00e4e hoonete taastamise ja pereettev\u00f5tte vedamise oma s\u00fcdameasjaks. Loovkojas on Kairi tegutsev nii projektijuhina kui samal ajal ka pakkunud k\u00fclastajatele m\u00f5nusaid s\u00f6\u00f6gi- ja tuurielamusi.[\/vc_column_text]<div style=\"background-color:;height: 10px\" class=\"nicdark_section  \"><\/div>[\/vc_column][vc_column width=&#8221;1\/3&#8243;]<div style=\"background-color:;height: 10px\" class=\"nicdark_section  \"><\/div>\n\n  <!--START team-->\n  <div class=\" nd_options_team_component_l5 nd_options_section nd_options_box_sizing_border_box  \">    \n    <div class=\"nd_options_section nd_options_position_relative\">\n\n      <img decoding=\"async\" alt=\"\" class=\"nd_options_section\" src=\"https:\/\/kodade.ee\/wp-content\/uploads\/2021\/02\/andrus-kodade.jpg\">\n\n      <div class=\"nd_options_bg_greydark_alpha_gradient_3 nd_options_position_absolute nd_options_left_0 nd_options_height_100_percentage nd_options_width_100_percentage nd_options_box_sizing_border_box\">\n        <div class=\"nd_options_position_absolute nd_options_bottom_30 nd_options_width_100_percentage nd_options_padding_botttom_0 nd_options_padding_50 nd_options_box_sizing_border_box nd_options_text_align_center\">\n          <h3 class=\"nd_options_color_white\">ANDRUS<\/h3>\n          <div class=\"nd_options_section nd_options_height_10\"><\/div>\n          <h6 class=\"nd_options_color_white\"><strong>LINNUGIID, KODADE A&amp;O<\/strong><\/h6>\n        <\/div>\n      <\/div>\n\n    <\/div>\n  <\/div>\n  <!--END team-->\n<div style=\"background-color:;height: 10px\" class=\"nicdark_section  \"><\/div>[vc_column_text]Linnugiid Andrus on Kodade A ja O \u2013 lisaks looduse ja kohaliku kultuuri p\u00f5hjalikule teadmisele on Andrus k\u00e4ed k\u00fclge l\u00f6\u00f6nud Loovkoja arengus ning olnud n\u00f5u ja j\u00f5uga abiks. Andrus viib meie k\u00fclalised Salum\u00e4e Salum\u00e4ele ekskursioonile ja nimetab juba eemalt \u00e4ra k\u00f5ik linnud paadis\u00f5idul. Ilma Andruseta ei oleks Loovkoda iseenda n\u00e4gu.[\/vc_column_text]<div style=\"background-color:;height: 10px\" class=\"nicdark_section  \"><\/div>[\/vc_column][vc_column width=&#8221;1\/3&#8243;]<div style=\"background-color:;height: 10px\" class=\"nicdark_section  \"><\/div>\n\n  <!--START team-->\n  <div class=\" nd_options_team_component_l5 nd_options_section nd_options_box_sizing_border_box  \">    \n    <div class=\"nd_options_section nd_options_position_relative\">\n\n      <img decoding=\"async\" alt=\"\" class=\"nd_options_section\" src=\"https:\/\/kodade.ee\/wp-content\/uploads\/2021\/02\/tiit-kodade.jpg\">\n\n      <div class=\"nd_options_bg_greydark_alpha_gradient_3 nd_options_position_absolute nd_options_left_0 nd_options_height_100_percentage nd_options_width_100_percentage nd_options_box_sizing_border_box\">\n        <div class=\"nd_options_position_absolute nd_options_bottom_30 nd_options_width_100_percentage nd_options_padding_botttom_0 nd_options_padding_50 nd_options_box_sizing_border_box nd_options_text_align_center\">\n          <h3 class=\"nd_options_color_white\">TIIT<\/h3>\n          <div class=\"nd_options_section nd_options_height_10\"><\/div>\n          <h6 class=\"nd_options_color_white\"><strong>KOOST\u00d6\u00d6PARTNER<\/strong><\/h6>\n        <\/div>\n      <\/div>\n\n    <\/div>\n  <\/div>\n  <!--END team-->\n<div style=\"background-color:;height: 10px\" class=\"nicdark_section  \"><\/div>[vc_column_text]Kodade ei saaks l\u00e4bi ka Tiiduta, kes on meie hea koost\u00f6\u00f6partner Kasari mailt. Tiit on \u00fcks neljast paadimehest, kellel on luba Kasarile paadiga minna ning samal ajal on tal ka suurep\u00e4rane huumorimeel ja jutustamisoskus. Tiidu lugudest ei saa meil kunagi k\u00fcllalt ning meil on hea meel, et ta on paadis\u00f5iduks valmis nii p\u00e4ikeset\u00f5usul kui -loojangul.[\/vc_column_text]<div style=\"background-color:;height: 10px\" class=\"nicdark_section  \"><\/div>[\/vc_column][\/vc_row][vc_row full_width=&#8221;stretch_row&#8221; parallax=&#8221;content-moving&#8221; parallax_image=&#8221;1356&#8243; disable_element=&#8221;yes&#8221; css=&#8221;.vc_custom_1615552313219{margin-top: 60px !important;padding-top: 100px !important;padding-bottom: 100px !important;}&#8221; el_class=&#8221;nd_options_vc_parallax_filter_2_2&#8243;][vc_column width=&#8221;8\/12&#8243;]\n\n\n    <div class=\"nd_options_section nd_options_position_relative \">\n        <img decoding=\"async\" alt=\"\" class=\"nd_options_position_absolute nd_options_left_0\" width=\"55\" src=\"\">\n        <div class=\"nd_options_section nd_options_padding_left_80 nd_options_box_sizing_border_box\">\n            <h1 class=\"nd_options_font_size_40 nd_options_line_height_50\" style=\"color:#ffffff\"><strong>Siia m\u00f5ned arvud nt KODADE kohta.<\/strong><\/h1>\n        <\/div>\n    <\/div>\n\n\n  <div style=\"background-color:;height: 70px\" class=\"nicdark_section  \"><\/div>[vc_row_inner][vc_column_inner width=&#8221;1\/4&#8243; css=&#8221;.vc_custom_1469630269458{padding-top: 10px !important;padding-bottom: 10px !important;}&#8221;]<h1 style=\"text-align:center;color:#ffffff;font-size:50px\" class=\" nd_options_counter_component_l1 nd_options_font_weight_bolder nd_options_counter  \" data-to=\"15\" data-speed=\"1000\">15<\/h1><div style=\"background-color:;height: 20px\" class=\"nicdark_section  \"><\/div> <p style=\"color:#ffffff;padding:px;text-align:center;font-size:15px;line-height:30px;letter-spacing: 2px;font-weight:lighter\" class=\"   nd_options_second_font \">MAJUTUSKOHTI<\/p> [\/vc_column_inner][vc_column_inner width=&#8221;1\/4&#8243; css=&#8221;.vc_custom_1469630276028{padding-top: 10px !important;padding-bottom: 10px !important;}&#8221;]<h1 style=\"text-align:center;color:#ffffff;font-size:50px\" class=\" nd_options_counter_component_l1 nd_options_font_weight_bolder nd_options_counter  \" data-to=\"100\" data-speed=\"1000\">100<\/h1><div style=\"background-color:;height: 20px\" class=\"nicdark_section  \"><\/div> <p style=\"color:#ffffff;padding:px;text-align:center;font-size:15px;line-height:30px;letter-spacing: 2px;font-weight:lighter\" class=\"   nd_options_second_font \">SEIKLUSI<\/p> [\/vc_column_inner][vc_column_inner width=&#8221;1\/4&#8243; css=&#8221;.vc_custom_1469630283566{padding-top: 10px !important;padding-bottom: 10px !important;}&#8221;]<h1 style=\"text-align:center;color:#ffffff;font-size:50px\" class=\" nd_options_counter_component_l1 nd_options_font_weight_bolder nd_options_counter  \" data-to=\"47\" data-speed=\"1000\">47<\/h1><div style=\"background-color:;height: 20px\" class=\"nicdark_section  \"><\/div> <p style=\"color:#ffffff;padding:px;text-align:center;font-size:15px;line-height:30px;letter-spacing: 2px;font-weight:lighter\" class=\"   nd_options_second_font \">VEEL MISKI<\/p> [\/vc_column_inner][vc_column_inner width=&#8221;1\/4&#8243; css=&#8221;.vc_custom_1469630289168{padding-top: 10px !important;padding-bottom: 10px !important;}&#8221;]<h1 style=\"text-align:center;color:#ffffff;font-size:50px\" class=\" nd_options_counter_component_l1 nd_options_font_weight_bolder nd_options_counter  \" data-to=\"10\" data-speed=\"1000\">10<\/h1><div style=\"background-color:;height: 20px\" class=\"nicdark_section  \"><\/div> <p style=\"color:#ffffff;padding:px;text-align:center;font-size:15px;line-height:30px;letter-spacing: 2px;font-weight:lighter\" class=\"   nd_options_second_font \">VEEL MISKI<\/p> [\/vc_column_inner][\/vc_row_inner][\/vc_column][vc_column width=&#8221;4\/12&#8243;][\/vc_column][\/vc_row][vc_row full_width=&#8221;stretch_row_content&#8221; equal_height=&#8221;yes&#8221; content_placement=&#8221;middle&#8221;][vc_column width=&#8221;1\/2&#8243; css=&#8221;.vc_custom_1615652087417{background-image: url(http:\/\/kodade.ee\/wp-content\/uploads\/2021\/02\/Tookoda.jpg?id=1491) !important;}&#8221;][\/vc_column][vc_column width=&#8221;1\/2&#8243; el_class=&#8221;nd_options_padding_50_first_div_important_all_iphone&#8221; css=&#8221;.vc_custom_1615652152029{padding-top: 130px !important;padding-right: 100px !important;padding-bottom: 130px !important;padding-left: 100px !important;background-color: #4c718a !important;}&#8221;] <h6 style=\"color:#ffffff;padding:px;text-align:;font-size:12px;line-height:12px;letter-spacing: 2px;font-weight:lighter\" class=\"   nd_options_second_font \">ABOUT US<\/h6> <div style=\"background-color:;height: 20px\" class=\"nicdark_section  \"><\/div> <h1 style=\"color:#ffffff;padding:px;text-align:;font-size:80px;line-height:80px;letter-spacing: px;font-weight:normal\" class=\"  nd_options_font_size_40_important_all_iphone nd_options_line_height_40_important_all_iphone nd_options_first_font \">Who<\/h1>  <h1 style=\"color:#0a0a0a;padding:px;text-align:;font-size:80px;line-height:80px;letter-spacing: px;font-weight:normal\" class=\"  nd_options_font_size_40_important_all_iphone nd_options_line_height_40_important_all_iphone nd_options_first_font \">are we?<\/h1> <div style=\"background-color:;height: 50px\" class=\"nicdark_section  \"><\/div>[vc_row_inner][vc_column_inner width=&#8221;1\/2&#8243;] <p style=\"color:#ffffff;padding:px;text-align:;font-size:px;line-height:px;letter-spacing: px;font-weight:lighter\" class=\"   nd_options_second_font \">Our aim is to figure out a sustainable way of life at the Matsalu nature park while introducing the biggest assets of Estonia - silence and our pristine nature.We have renovated the historical Workshop and Distillery buildings from the 19th century. Over time, Matsalu Creative Space has become an open-concept center where the context of history and nature plays a major role in the success of whatever takes place here - a meditation retreat, an important team building event for top managers or a creativity workshop. <\/p> [\/vc_column_inner][vc_column_inner width=&#8221;1\/2&#8243;] <p style=\"color:#ffffff;padding:px;text-align:;font-size:px;line-height:px;letter-spacing: px;font-weight:lighter\" class=\"   nd_options_second_font \">The Creative Space hosts concerts, art events, community events, retreats and workshops. We can accommodate up to 40 people. Kodade Holiday Home (1,5 km away) can host 8 people. We organise bird hikes, nature tours, photo courses and boat tours throughout the year. <\/p> [\/vc_column_inner][\/vc_row_inner]<div style=\"background-color:;height: 50px\" class=\"nicdark_section  \"><\/div>[\/vc_column][\/vc_row][vc_row full_width=&#8221;stretch_row&#8221; css=&#8221;.vc_custom_1615724445547{padding-top: 60px !important;padding-bottom: 0px !important;}&#8221;][vc_column] <h6 style=\"color:#878787;padding:px;text-align:center;font-size:12px;line-height:12px;letter-spacing: 2px;font-weight:lighter\" class=\"   nd_options_second_font \">KOOST\u00d6\u00d6<\/h6> <div style=\"background-color:;height: 10px\" class=\"nicdark_section  \"><\/div>\n    <div class=\"nd_options_section nd_options_line_height_0  nd_options_text_align_center \">\n        <span style=\"height:1px;width:30px;background-color:#878787\" class=\"nd_options_display_inline_block\"><\/span>\n    <\/div>\n   <div style=\"background-color:;height: 30px\" class=\"nicdark_section  \"><\/div> <h1 style=\"color:#1c1c1c;padding:px;text-align:center;font-size:55px;line-height:40px;letter-spacing: px;font-weight:normal\" class=\"  nd_options_font_size_40_important_all_iphone nd_options_line_height_40_important_all_iphone nd_options_first_font \">Our partners<\/h1> <div style=\"background-color:;height: 45px\" class=\"nicdark_section  \"><\/div>[\/vc_column][\/vc_row][vc_row][vc_column width=&#8221;1\/6&#8243;][\/vc_column][vc_column width=&#8221;1\/6&#8243;][\/vc_column][vc_column width=&#8221;1\/6&#8243;][vc_single_image image=&#8221;1863&#8243; img_size=&#8221;&#8221;][\/vc_column][vc_column width=&#8221;1\/6&#8243;][vc_single_image image=&#8221;1862&#8243; img_size=&#8221;&#8221;][\/vc_column][vc_column width=&#8221;1\/6&#8243;][\/vc_column][vc_column width=&#8221;1\/6&#8243;][\/vc_column][\/vc_row]<\/p>\n","protected":false},"excerpt":{"rendered":"<p>[vc_row][vc_column width=&#8221;1\/2&#8243; css=&#8221;.vc_custom_1467360650255{margin-top: 10px !important;margin-bottom: 10px !important;padding-top: 0px !important;padding-right: 40px !important;}&#8221;][vc_single_image image=&#8221;1751&#8243; img_size=&#8221;full&#8221; style=&#8221;vc_box_rounded&#8221;][\/vc_column][vc_column width=&#8221;1\/2&#8243; css=&#8221;.vc_custom_1467207292391{margin-top: 10px !important;margin-bottom: 10px !important;padding-top: 0px !important;}&#8221;][vc_column_text] General information and bookings: &nbsp; E-mail: info@kodade.ee Tel: +372 501 1890 We are open for pre-bookings only. &nbsp; Matsalu Creative Space is situated in Salevere village, L\u00e4\u00e4neranna county (P\u00e4rnumaa), Estonia. Kodade Holiday Home [&hellip;]<\/p>\n","protected":false},"author":8,"featured_media":0,"parent":0,"menu_order":0,"comment_status":"closed","ping_status":"closed","template":"","meta":{"footnotes":""},"class_list":["post-2201","page","type-page","status-publish","hentry"],"yoast_head":"<!-- This site is optimized with the Yoast SEO plugin v16.0.2 - https:\/\/yoast.com\/wordpress\/plugins\/seo\/ -->\n<title>Contact - Kodade<\/title>\n<link rel=\"canonical\" href=\"https:\/\/kodade.ee\/en\/contact\/\" \/>\n<meta property=\"og:locale\" content=\"en_US\" \/>\n<meta property=\"og:type\" content=\"article\" \/>\n<meta property=\"og:title\" content=\"Contact - Kodade\" \/>\n<meta property=\"og:description\" content=\"[vc_row][vc_column width=&#8221;1\/2&#8243; css=&#8221;.vc_custom_1467360650255{margin-top: 10px !important;margin-bottom: 10px !important;padding-top: 0px !important;padding-right: 40px !important;}&#8221;][vc_single_image image=&#8221;1751&#8243; img_size=&#8221;full&#8221; style=&#8221;vc_box_rounded&#8221;][\/vc_column][vc_column width=&#8221;1\/2&#8243; css=&#8221;.vc_custom_1467207292391{margin-top: 10px !important;margin-bottom: 10px !important;padding-top: 0px !important;}&#8221;][vc_column_text] General information and bookings: &nbsp; E-mail: info@kodade.ee Tel: +372 501 1890 We are open for pre-bookings only. &nbsp; Matsalu Creative Space is situated in Salevere village, L\u00e4\u00e4neranna county (P\u00e4rnumaa), Estonia. Kodade Holiday Home [&hellip;]\" \/>\n<meta property=\"og:url\" content=\"https:\/\/kodade.ee\/en\/contact\/\" \/>\n<meta property=\"og:site_name\" content=\"Kodade\" \/>\n<meta property=\"article:modified_time\" content=\"2021-03-28T19:25:36+00:00\" \/>\n<meta name=\"twitter:card\" content=\"summary_large_image\" \/>\n<meta name=\"twitter:label1\" content=\"Est. reading time\">\n\t<meta name=\"twitter:data1\" content=\"11 minutes\">\n<script type=\"application\/ld+json\" class=\"yoast-schema-graph\">{\"@context\":\"https:\/\/schema.org\",\"@graph\":[{\"@type\":\"WebSite\",\"@id\":\"https:\/\/kodade.ee\/en\/#website\",\"url\":\"https:\/\/kodade.ee\/en\/\",\"name\":\"Kodade\",\"description\":\"Loomise ja looduse koht Matsalu l\\u00f5unaserval\",\"potentialAction\":[{\"@type\":\"SearchAction\",\"target\":\"https:\/\/kodade.ee\/en\/?s={search_term_string}\",\"query-input\":\"required name=search_term_string\"}],\"inLanguage\":\"en-US\"},{\"@type\":\"WebPage\",\"@id\":\"https:\/\/kodade.ee\/en\/contact\/#webpage\",\"url\":\"https:\/\/kodade.ee\/en\/contact\/\",\"name\":\"Contact - Kodade\",\"isPartOf\":{\"@id\":\"https:\/\/kodade.ee\/en\/#website\"},\"datePublished\":\"2021-03-28T19:23:55+00:00\",\"dateModified\":\"2021-03-28T19:25:36+00:00\",\"breadcrumb\":{\"@id\":\"https:\/\/kodade.ee\/en\/contact\/#breadcrumb\"},\"inLanguage\":\"en-US\",\"potentialAction\":[{\"@type\":\"ReadAction\",\"target\":[\"https:\/\/kodade.ee\/en\/contact\/\"]}]},{\"@type\":\"BreadcrumbList\",\"@id\":\"https:\/\/kodade.ee\/en\/contact\/#breadcrumb\",\"itemListElement\":[{\"@type\":\"ListItem\",\"position\":1,\"item\":{\"@type\":\"WebPage\",\"@id\":\"https:\/\/kodade.ee\/en\/\",\"url\":\"https:\/\/kodade.ee\/en\/\",\"name\":\"Home\"}},{\"@type\":\"ListItem\",\"position\":2,\"item\":{\"@type\":\"WebPage\",\"@id\":\"https:\/\/kodade.ee\/en\/contact\/\",\"url\":\"https:\/\/kodade.ee\/en\/contact\/\",\"name\":\"Contact\"}}]}]}<\/script>\n<!-- \/ Yoast SEO plugin. -->","_links":{"self":[{"href":"https:\/\/kodade.ee\/en\/wp-json\/wp\/v2\/pages\/2201","targetHints":{"allow":["GET"]}}],"collection":[{"href":"https:\/\/kodade.ee\/en\/wp-json\/wp\/v2\/pages"}],"about":[{"href":"https:\/\/kodade.ee\/en\/wp-json\/wp\/v2\/types\/page"}],"author":[{"embeddable":true,"href":"https:\/\/kodade.ee\/en\/wp-json\/wp\/v2\/users\/8"}],"replies":[{"embeddable":true,"href":"https:\/\/kodade.ee\/en\/wp-json\/wp\/v2\/comments?post=2201"}],"version-history":[{"count":2,"href":"https:\/\/kodade.ee\/en\/wp-json\/wp\/v2\/pages\/2201\/revisions"}],"predecessor-version":[{"id":2203,"href":"https:\/\/kodade.ee\/en\/wp-json\/wp\/v2\/pages\/2201\/revisions\/2203"}],"wp:attachment":[{"href":"https:\/\/kodade.ee\/en\/wp-json\/wp\/v2\/media?parent=2201"}],"curies":[{"name":"wp","href":"https:\/\/api.w.org\/{rel}","templated":true}]}}